{"id":581,"date":"2024-12-04T12:03:13","date_gmt":"2024-12-04T12:03:13","guid":{"rendered":"https:\/\/yamicc.org\/?page_id=581"},"modified":"2026-01-23T10:28:14","modified_gmt":"2026-01-23T10:28:14","slug":"what-we-do","status":"publish","type":"page","link":"https:\/\/yamicc.org\/nl\/what-we-do\/","title":{"rendered":"Wat wij doen"},"content":{"rendered":"<div class=\"wp-block-group alignfull has-custom-background-secondary-background-color has-background has-global-padding is-layout-constrained wp-container-core-group-is-layout-8f39493d wp-block-group-is-layout-constrained\" style=\"margin-top:0;margin-bottom:0;padding-top:var(--wp--preset--spacing--40);padding-right:var(--wp--preset--spacing--40);padding-bottom:var(--wp--preset--spacing--40);padding-left:var(--wp--preset--spacing--40)\">\n<div class=\"wp-block-group alignwide is-vertical is-content-justification-center is-layout-flex wp-container-core-group-is-layout-3b2b917d wp-block-group-is-layout-flex\">\n<h2 class=\"wp-block-heading has-text-align-center is-style-default\">Wat wij doen<\/h2>\n\n\n\n<p class=\"has-text-align-center\">Het samenbrengen van een multi-disciplinaire groep van vertrouwde experts om versneld een \u200b\u200beffectieve behandeling te vinden voor zeldzame kankerpati\u00ebnten<\/p>\n<\/div>\n<\/div>\n\n\n\n<figure class=\"wp-block-image alignfull size-full\" style=\"margin-top:0;margin-bottom:0\"><img loading=\"lazy\" decoding=\"async\" width=\"2880\" height=\"232\" src=\"https:\/\/yamicc.org\/wp-content\/uploads\/2024\/08\/bg-wave-gray-bottom.png\" alt=\"\" class=\"wp-image-310\" srcset=\"https:\/\/yamicc.org\/wp-content\/uploads\/2024\/08\/bg-wave-gray-bottom.png 2880w, https:\/\/yamicc.org\/wp-content\/uploads\/2024\/08\/bg-wave-gray-bottom-300x24.png 300w, https:\/\/yamicc.org\/wp-content\/uploads\/2024\/08\/bg-wave-gray-bottom-1024x82.png 1024w, https:\/\/yamicc.org\/wp-content\/uploads\/2024\/08\/bg-wave-gray-bottom-768x62.png 768w, https:\/\/yamicc.org\/wp-content\/uploads\/2024\/08\/bg-wave-gray-bottom-1536x124.png 1536w, https:\/\/yamicc.org\/wp-content\/uploads\/2024\/08\/bg-wave-gray-bottom-2048x165.png 2048w, https:\/\/yamicc.org\/wp-content\/uploads\/2024\/08\/bg-wave-gray-bottom-18x1.png 18w\" sizes=\"auto, (max-width: 2880px) 100vw, 2880px\" \/><\/figure>\n\n\n\n<div class=\"wp-block-group alignfull has-global-padding is-layout-constrained wp-container-core-group-is-layout-32a46761 wp-block-group-is-layout-constrained\" style=\"margin-top:0;margin-bottom:0;padding-top:var(--wp--preset--spacing--40);padding-right:var(--wp--preset--spacing--50);padding-bottom:var(--wp--preset--spacing--40);padding-left:var(--wp--preset--spacing--50)\">\n<div class=\"wp-block-group alignwide has-global-padding is-layout-constrained wp-container-core-group-is-layout-19e250f3 wp-block-group-is-layout-constrained\">\n<div class=\"wp-block-columns alignwide are-vertically-aligned-center is-layout-flex wp-container-core-columns-is-layout-d1c656ed wp-block-columns-is-layout-flex\">\n<div class=\"wp-block-column is-vertically-aligned-center is-layout-flow wp-block-column-is-layout-flow\" style=\"flex-basis:40%\">\n<h3 class=\"wp-block-heading is-style-default\">Ondersteuning van klinisch onderzoek<\/h3>\n\n\n\n<p>The prospective dataset will initially be collected from patients participating in clinical trials facilitated by Yamicc across multiple hospitals. <br><br>Een voorbeeld is de <em>ReDiReCCT-GB trial<\/em>, een klinische studie binnen het Erasmus MC die recent van start is gegaan. In deze klinische studie kan in principe elke nieuwe pati\u00ebnt met een glioblastoom deelnemen en wordt  vanaf de diagnose gevolgd. De tumor van elke pati\u00ebnt wordt volledig genetisch in kaart gebracht om te onderzoeken of er op basis van het genetisch profiel een geschikt medicijn beschikbaar is.<\/p>\n\n\n\n<p>We onderzoeken bovendien of veelbelovende bestaande geneesmiddelen voor andere kankersoorten daadwerkelijk de tumorcellen kunnen bereiken. Daarbij maken we gebruik van een nieuw biologisch model om te testen welk middel voor elke individuele pati\u00ebnt het meest effectief is. In dit proces worden bestaande geneesmiddelen die al effectief zijn gebleken bij andere vormen van kanker op grote schaal getest, een aanpak die bekendstaat als <em>drug repurposing.<\/em>Deze werkwijze is een belangrijk onderdeel in het op kosteneffici\u00ebnte wijze realiseren van verbeterde en gepersonaliseerde behandelingen.<\/p>\n<\/div>\n\n\n\n<div class=\"wp-block-column is-vertically-aligned-center is-layout-flow wp-block-column-is-layout-flow\" style=\"flex-basis:50%\">\n<figure class=\"wp-block-image size-full is-style-rounded is-style-rounded--1\"><img loading=\"lazy\" decoding=\"async\" width=\"750\" height=\"500\" src=\"https:\/\/yamicc.org\/wp-content\/uploads\/2024\/08\/blog-trials.png\" alt=\"\" class=\"wp-image-328\" srcset=\"https:\/\/yamicc.org\/wp-content\/uploads\/2024\/08\/blog-trials.png 750w, https:\/\/yamicc.org\/wp-content\/uploads\/2024\/08\/blog-trials-300x200.png 300w, https:\/\/yamicc.org\/wp-content\/uploads\/2024\/08\/blog-trials-18x12.png 18w\" sizes=\"auto, (max-width: 750px) 100vw, 750px\" \/><\/figure>\n<\/div>\n<\/div>\n<\/div>\n<\/div>\n\n\n\n<div class=\"wp-block-group alignfull has-custom-background-secondary-background-color has-background has-global-padding is-layout-constrained wp-block-group-is-layout-constrained\" style=\"padding-top:var(--wp--preset--spacing--50);padding-bottom:var(--wp--preset--spacing--50)\">\n<div class=\"wp-block-columns alignwide are-vertically-aligned-center is-layout-flex wp-container-core-columns-is-layout-d1c656ed wp-block-columns-is-layout-flex\">\n<div class=\"wp-block-column is-vertically-aligned-center is-layout-flow wp-block-column-is-layout-flow\" style=\"flex-basis:50%\">\n<figure class=\"wp-block-image alignleft size-full is-style-rounded is-style-rounded--2\"><img loading=\"lazy\" decoding=\"async\" width=\"474\" height=\"506\" src=\"https:\/\/yamicc.org\/wp-content\/uploads\/2025\/10\/yamicc-icoon-2.png\" alt=\"\" class=\"wp-image-982\" srcset=\"https:\/\/yamicc.org\/wp-content\/uploads\/2025\/10\/yamicc-icoon-2.png 474w, https:\/\/yamicc.org\/wp-content\/uploads\/2025\/10\/yamicc-icoon-2-281x300.png 281w, https:\/\/yamicc.org\/wp-content\/uploads\/2025\/10\/yamicc-icoon-2-11x12.png 11w\" sizes=\"auto, (max-width: 474px) 100vw, 474px\" \/><\/figure>\n<\/div>\n\n\n\n<div class=\"wp-block-column is-vertically-aligned-center is-layout-flow wp-block-column-is-layout-flow\" style=\"flex-basis:40%\">\n<h3 class=\"wp-block-heading is-style-default\">Yamicc Platform: ons Trial Execution Platform voor onderzoek<\/h3>\n\n\n\n<p class=\"has-text-align-left\">Het Yamicc Platform is een gedeeld, schaalbaar en herbruikbaar platform voor het uitvoeren van klinische studies naar (zeldzame) vormen van kanker. We bouwen het platform met ziekenhuizen, onderzoekers en partners. Stapsgewijs, praktijkgericht, met oog voor wat werkt. <br><br>Het verkort de doorlooptijd en inspanning aanzienlijk; van studieopzet tot data-analyse wat uiteindelijk leidt tot meer onderzoek en effectievere behandelingen.<br><br><\/p>\n<\/div>\n<\/div>\n\n\n\n<div class=\"wp-block-group alignfull has-global-padding is-layout-constrained wp-block-group-is-layout-constrained\">\n<div class=\"wp-block-group alignwide is-vertical is-layout-flex wp-container-core-group-is-layout-fe9cc265 wp-block-group-is-layout-flex\">\n<h4 class=\"wp-block-heading alignwide\"><br>De voordelen voor gebruikers van het Yamicc Platform<\/h4>\n\n\n\n<p>Naast maatschappelijke impact biedt het Yamicc Platform directe voordelen voor ziekenhuizen, onderzoekers en onderzoeksgroepen. Door tijdrovende en kostbare processen significant te verlagen en samenwerking structureel makkelijker te maken, maken we klinisch onderzoek effici\u00ebnter en praktisch haalbaar.<br><br>\u2022 <strong>Lagere kosten per studie <br><\/strong>Door herhaalde processen te automatiseren met behulp van o.a. AI, verminderen we handmatig werk en operationele belasting. Dat maakt studies effici\u00ebnter <em>en<\/em> betaalbaarder.  Minder handwerk = lagere kosten. Daardoor worden trials haalbaar op plekken waar dat eerder niet kon.<br><br><strong>\u2022 Geautomatiseerde dataverzameling<\/strong><br>Het Yamicc Platform ondersteunt ziekenhuizen en onderzoekers bij het verzamelen van data op een geautomatiseerde manier. Dat betekent: minder fouten, minder handmatig werk, minder bewerking en direct hogere datakwaliteit.\nDankzij deze deels AI gedreven automatisering, maakt het mogelijk om de data in allerlei formaten beschikbaar te stellen en echt Interoperable en Reusable (FAIR) te maken.<br><br><strong>\u2022 Versnelling van klinisch onderzoek<\/strong><br>Een klinische studie die sneller van start kan, leidt eerder tot resultaten. Het platform verkort de doorlooptijd van ontwerp tot uitvoering, en van ontdekking tot toepassing bij de pati\u00ebnt. Door bottlenecks te verlichten en samenwerking over ziekenhuizen heen te faciliteren, kunnen trials sneller van start en eerder resultaten opleveren.<\/p>\n<\/div>\n<\/div>\n<\/div>\n\n\n\n<div class=\"wp-block-group alignfull has-global-padding is-layout-constrained wp-container-core-group-is-layout-32a46761 wp-block-group-is-layout-constrained\" style=\"margin-top:0;margin-bottom:0;padding-top:var(--wp--preset--spacing--40);padding-right:var(--wp--preset--spacing--50);padding-bottom:var(--wp--preset--spacing--40);padding-left:var(--wp--preset--spacing--50)\">\n<div class=\"wp-block-group alignwide has-global-padding is-layout-constrained wp-container-core-group-is-layout-19e250f3 wp-block-group-is-layout-constrained\">\n<div class=\"wp-block-columns alignwide are-vertically-aligned-center is-layout-flex wp-container-core-columns-is-layout-d1c656ed wp-block-columns-is-layout-flex\">\n<div class=\"wp-block-column is-vertically-aligned-center is-layout-flow wp-block-column-is-layout-flow\" style=\"flex-basis:40%\">\n<p><\/p>\n\n\n\n<h3 class=\"wp-block-heading is-style-default\">Partnerships en Ecosysteem<\/h3>\n\n\n\n<p>Een verbonden ecosysteem om vooruitgang te versnellen.<\/p>\n\n\n\n<p>Bij Yamicc staat samenwerking centraal.<br>We brengen ziekenhuizen, onderzoeksinstellingen, technologiepartners, NGOs en pati\u00ebntenfederaties samen, allemaal werkend aan \u00e9\u00e9n gezamenlijke missie: het versneld vinden van effectieve behandelingen voor (zeldzame) kankers.<\/p>\n\n\n\n<p>Via ons partnerprogramma verbinden we nieuwe organisaties en ondersteunen we bestaande partners bij het gebruiken en verder ontwikkelen van ons data-gedreven onderzoeksplatform.<\/p>\n\n\n\n<p>Door medische expertise, innovatieve technologie en een gedeeld gevoel van doelgerichtheid te combineren, cre\u00ebren we de randvoorwaarden voor samenwerking om te floreren, waardoor onderzoek goedkoper, effectiever en sneller wordt voor alle pati\u00ebnten.<\/p>\n<\/div>\n\n\n\n<div class=\"wp-block-column is-vertically-aligned-center is-layout-flow wp-block-column-is-layout-flow\" style=\"flex-basis:50%\">\n<figure class=\"wp-block-image size-full is-style-rounded is-style-rounded--3\"><img loading=\"lazy\" decoding=\"async\" width=\"750\" height=\"500\" src=\"https:\/\/yamicc.org\/wp-content\/uploads\/2024\/08\/blog-partnerships-1.png\" alt=\"\" class=\"wp-image-329\" srcset=\"https:\/\/yamicc.org\/wp-content\/uploads\/2024\/08\/blog-partnerships-1.png 750w, https:\/\/yamicc.org\/wp-content\/uploads\/2024\/08\/blog-partnerships-1-300x200.png 300w, https:\/\/yamicc.org\/wp-content\/uploads\/2024\/08\/blog-partnerships-1-18x12.png 18w\" sizes=\"auto, (max-width: 750px) 100vw, 750px\" \/><\/figure>\n<\/div>\n<\/div>\n<\/div>\n<\/div>\n\n\n\n<p><\/p>","protected":false},"excerpt":{"rendered":"<p>What we do Building a multi-disciplinary community of trusted experts to accelerate finding effective treatment for rare cancer patients Support for clinical trials The prospective dataset will initially be collected from patients participating in clinical trials facilitated by Yamicc across multiple hospitals. An example is the ReDiReCCT-GB trial, a trial within Erasmus MC which has [&hellip;]<\/p>","protected":false},"author":1,"featured_media":0,"parent":0,"menu_order":0,"comment_status":"closed","ping_status":"closed","template":"","meta":{"footnotes":""},"class_list":["post-581","page","type-page","status-publish","hentry"],"yoast_head":"<!-- This site is optimized with the Yoast SEO plugin v26.9 - https:\/\/yoast.com\/product\/yoast-seo-wordpress\/ -->\n<title>Building a Multi-Disciplinary Community for Rare Cancers - Yamicc<\/title>\n<meta name=\"description\" content=\"Discover the impact of a multi-disciplinary community on finding effective treatments for patients with rare cancers.\" \/>\n<meta name=\"robots\" content=\"index, follow, max-snippet:-1, max-image-preview:large, max-video-preview:-1\" \/>\n<link rel=\"canonical\" href=\"https:\/\/yamicc.org\/nl\/what-we-do\/\" \/>\n<meta property=\"og:locale\" content=\"nl_NL\" \/>\n<meta property=\"og:type\" content=\"article\" \/>\n<meta property=\"og:title\" content=\"Building a Multi-Disciplinary Community for Rare Cancers - Yamicc\" \/>\n<meta property=\"og:description\" content=\"Discover the impact of a multi-disciplinary community on finding effective treatments for patients with rare cancers.\" \/>\n<meta property=\"og:url\" content=\"https:\/\/yamicc.org\/nl\/what-we-do\/\" \/>\n<meta property=\"og:site_name\" content=\"Yamicc\" \/>\n<meta property=\"article:modified_time\" content=\"2026-01-23T10:28:14+00:00\" \/>\n<meta property=\"og:image\" content=\"https:\/\/yamicc.org\/wp-content\/uploads\/2024\/08\/bg-wave-gray-bottom.png\" \/>\n<meta name=\"twitter:card\" content=\"summary_large_image\" \/>\n<meta name=\"twitter:label1\" content=\"Geschatte leestijd\" \/>\n\t<meta name=\"twitter:data1\" content=\"4 minuten\" \/>\n<script type=\"application\/ld+json\" class=\"yoast-schema-graph\">{\"@context\":\"https:\/\/schema.org\",\"@graph\":[{\"@type\":\"WebPage\",\"@id\":\"https:\/\/yamicc.org\/nl\/what-we-do\/\",\"url\":\"https:\/\/yamicc.org\/nl\/what-we-do\/\",\"name\":\"Building a Multi-Disciplinary Community for Rare Cancers - Yamicc\",\"isPartOf\":{\"@id\":\"https:\/\/yamicc.org\/nl\/#website\"},\"primaryImageOfPage\":{\"@id\":\"https:\/\/yamicc.org\/nl\/what-we-do\/#primaryimage\"},\"image\":{\"@id\":\"https:\/\/yamicc.org\/nl\/what-we-do\/#primaryimage\"},\"thumbnailUrl\":\"https:\/\/yamicc.org\/wp-content\/uploads\/2024\/08\/bg-wave-gray-bottom.png\",\"datePublished\":\"2024-12-04T12:03:13+00:00\",\"dateModified\":\"2026-01-23T10:28:14+00:00\",\"description\":\"Discover the impact of a multi-disciplinary community on finding effective treatments for patients with rare cancers.\",\"breadcrumb\":{\"@id\":\"https:\/\/yamicc.org\/nl\/what-we-do\/#breadcrumb\"},\"inLanguage\":\"nl-NL\",\"potentialAction\":[{\"@type\":\"ReadAction\",\"target\":[\"https:\/\/yamicc.org\/nl\/what-we-do\/\"]}]},{\"@type\":\"ImageObject\",\"inLanguage\":\"nl-NL\",\"@id\":\"https:\/\/yamicc.org\/nl\/what-we-do\/#primaryimage\",\"url\":\"https:\/\/yamicc.org\/wp-content\/uploads\/2024\/08\/bg-wave-gray-bottom.png\",\"contentUrl\":\"https:\/\/yamicc.org\/wp-content\/uploads\/2024\/08\/bg-wave-gray-bottom.png\"},{\"@type\":\"BreadcrumbList\",\"@id\":\"https:\/\/yamicc.org\/nl\/what-we-do\/#breadcrumb\",\"itemListElement\":[{\"@type\":\"ListItem\",\"position\":1,\"name\":\"Home\",\"item\":\"https:\/\/yamicc.org\/nl\/\"},{\"@type\":\"ListItem\",\"position\":2,\"name\":\"What we do\"}]},{\"@type\":\"WebSite\",\"@id\":\"https:\/\/yamicc.org\/nl\/#website\",\"url\":\"https:\/\/yamicc.org\/nl\/\",\"name\":\"Yamicc\",\"description\":\"Effective treatments for rare cancer patients, aiming for the highest quality of life\",\"publisher\":{\"@id\":\"https:\/\/yamicc.org\/nl\/#organization\"},\"potentialAction\":[{\"@type\":\"SearchAction\",\"target\":{\"@type\":\"EntryPoint\",\"urlTemplate\":\"https:\/\/yamicc.org\/nl\/?s={search_term_string}\"},\"query-input\":{\"@type\":\"PropertyValueSpecification\",\"valueRequired\":true,\"valueName\":\"search_term_string\"}}],\"inLanguage\":\"nl-NL\"},{\"@type\":\"Organization\",\"@id\":\"https:\/\/yamicc.org\/nl\/#organization\",\"name\":\"Yamicc\",\"url\":\"https:\/\/yamicc.org\/nl\/\",\"logo\":{\"@type\":\"ImageObject\",\"inLanguage\":\"nl-NL\",\"@id\":\"https:\/\/yamicc.org\/nl\/#\/schema\/logo\/image\/\",\"url\":\"https:\/\/yamicc.org\/wp-content\/uploads\/2024\/08\/Yamicc-logo.png\",\"contentUrl\":\"https:\/\/yamicc.org\/wp-content\/uploads\/2024\/08\/Yamicc-logo.png\",\"width\":2771,\"height\":1125,\"caption\":\"Yamicc\"},\"image\":{\"@id\":\"https:\/\/yamicc.org\/nl\/#\/schema\/logo\/image\/\"}}]}<\/script>\n<!-- \/ Yoast SEO plugin. -->","yoast_head_json":{"title":"Building a Multi-Disciplinary Community for Rare Cancers - Yamicc","description":"Discover the impact of a multi-disciplinary community on finding effective treatments for patients with rare cancers.","robots":{"index":"index","follow":"follow","max-snippet":"max-snippet:-1","max-image-preview":"max-image-preview:large","max-video-preview":"max-video-preview:-1"},"canonical":"https:\/\/yamicc.org\/nl\/what-we-do\/","og_locale":"nl_NL","og_type":"article","og_title":"Building a Multi-Disciplinary Community for Rare Cancers - Yamicc","og_description":"Discover the impact of a multi-disciplinary community on finding effective treatments for patients with rare cancers.","og_url":"https:\/\/yamicc.org\/nl\/what-we-do\/","og_site_name":"Yamicc","article_modified_time":"2026-01-23T10:28:14+00:00","og_image":[{"url":"https:\/\/yamicc.org\/wp-content\/uploads\/2024\/08\/bg-wave-gray-bottom.png","type":"","width":"","height":""}],"twitter_card":"summary_large_image","twitter_misc":{"Geschatte leestijd":"4 minuten"},"schema":{"@context":"https:\/\/schema.org","@graph":[{"@type":"WebPage","@id":"https:\/\/yamicc.org\/nl\/what-we-do\/","url":"https:\/\/yamicc.org\/nl\/what-we-do\/","name":"Building a Multi-Disciplinary Community for Rare Cancers - Yamicc","isPartOf":{"@id":"https:\/\/yamicc.org\/nl\/#website"},"primaryImageOfPage":{"@id":"https:\/\/yamicc.org\/nl\/what-we-do\/#primaryimage"},"image":{"@id":"https:\/\/yamicc.org\/nl\/what-we-do\/#primaryimage"},"thumbnailUrl":"https:\/\/yamicc.org\/wp-content\/uploads\/2024\/08\/bg-wave-gray-bottom.png","datePublished":"2024-12-04T12:03:13+00:00","dateModified":"2026-01-23T10:28:14+00:00","description":"Discover the impact of a multi-disciplinary community on finding effective treatments for patients with rare cancers.","breadcrumb":{"@id":"https:\/\/yamicc.org\/nl\/what-we-do\/#breadcrumb"},"inLanguage":"nl-NL","potentialAction":[{"@type":"ReadAction","target":["https:\/\/yamicc.org\/nl\/what-we-do\/"]}]},{"@type":"ImageObject","inLanguage":"nl-NL","@id":"https:\/\/yamicc.org\/nl\/what-we-do\/#primaryimage","url":"https:\/\/yamicc.org\/wp-content\/uploads\/2024\/08\/bg-wave-gray-bottom.png","contentUrl":"https:\/\/yamicc.org\/wp-content\/uploads\/2024\/08\/bg-wave-gray-bottom.png"},{"@type":"BreadcrumbList","@id":"https:\/\/yamicc.org\/nl\/what-we-do\/#breadcrumb","itemListElement":[{"@type":"ListItem","position":1,"name":"Home","item":"https:\/\/yamicc.org\/nl\/"},{"@type":"ListItem","position":2,"name":"What we do"}]},{"@type":"WebSite","@id":"https:\/\/yamicc.org\/nl\/#website","url":"https:\/\/yamicc.org\/nl\/","name":"Yamicc","description":"Effective treatments for rare cancer patients, aiming for the highest quality of life","publisher":{"@id":"https:\/\/yamicc.org\/nl\/#organization"},"potentialAction":[{"@type":"SearchAction","target":{"@type":"EntryPoint","urlTemplate":"https:\/\/yamicc.org\/nl\/?s={search_term_string}"},"query-input":{"@type":"PropertyValueSpecification","valueRequired":true,"valueName":"search_term_string"}}],"inLanguage":"nl-NL"},{"@type":"Organization","@id":"https:\/\/yamicc.org\/nl\/#organization","name":"Yamicc","url":"https:\/\/yamicc.org\/nl\/","logo":{"@type":"ImageObject","inLanguage":"nl-NL","@id":"https:\/\/yamicc.org\/nl\/#\/schema\/logo\/image\/","url":"https:\/\/yamicc.org\/wp-content\/uploads\/2024\/08\/Yamicc-logo.png","contentUrl":"https:\/\/yamicc.org\/wp-content\/uploads\/2024\/08\/Yamicc-logo.png","width":2771,"height":1125,"caption":"Yamicc"},"image":{"@id":"https:\/\/yamicc.org\/nl\/#\/schema\/logo\/image\/"}}]}},"_links":{"self":[{"href":"https:\/\/yamicc.org\/nl\/wp-json\/wp\/v2\/pages\/581","targetHints":{"allow":["GET"]}}],"collection":[{"href":"https:\/\/yamicc.org\/nl\/wp-json\/wp\/v2\/pages"}],"about":[{"href":"https:\/\/yamicc.org\/nl\/wp-json\/wp\/v2\/types\/page"}],"author":[{"embeddable":true,"href":"https:\/\/yamicc.org\/nl\/wp-json\/wp\/v2\/users\/1"}],"replies":[{"embeddable":true,"href":"https:\/\/yamicc.org\/nl\/wp-json\/wp\/v2\/comments?post=581"}],"version-history":[{"count":27,"href":"https:\/\/yamicc.org\/nl\/wp-json\/wp\/v2\/pages\/581\/revisions"}],"predecessor-version":[{"id":1018,"href":"https:\/\/yamicc.org\/nl\/wp-json\/wp\/v2\/pages\/581\/revisions\/1018"}],"wp:attachment":[{"href":"https:\/\/yamicc.org\/nl\/wp-json\/wp\/v2\/media?parent=581"}],"curies":[{"name":"wp","href":"https:\/\/api.w.org\/{rel}","templated":true}]}}